{"id":1614,"date":"2022-03-01T09:50:05","date_gmt":"2022-03-01T09:50:05","guid":{"rendered":"https:\/\/mht-experience.ro\/?page_id=1614"},"modified":"2022-05-19T08:13:20","modified_gmt":"2022-05-19T06:13:20","slug":"service-mentenanta","status":"publish","type":"page","link":"http:\/\/mht-experience.ro\/en\/service-mentenanta\/","title":{"rendered":"Service &amp; Maintenance"},"content":{"rendered":"<div data-elementor-type=\"wp-page\" data-elementor-id=\"1614\" class=\"elementor elementor-1614\" data-elementor-post-type=\"page\">\n\t\t\t\t\t\t<section class=\"elementor-section elementor-top-section elementor-element elementor-element-ea7399c elementor-section-content-top elementor-section-boxed elementor-section-height-default elementor-section-height-default\" data-id=\"ea7399c\" data-element_type=\"section\" data-e-type=\"section\" data-settings=\"{&quot;jet_parallax_layout_list&quot;:[]}\">\n\t\t\t\t\t\t<div class=\"elementor-container elementor-column-gap-default\">\n\t\t\t\t\t<div class=\"elementor-column elementor-col-100 elementor-top-column elementor-element elementor-element-be499be\" data-id=\"be499be\" data-element_type=\"column\" data-e-type=\"column\">\n\t\t\t<div class=\"elementor-widget-wrap elementor-element-populated\">\n\t\t\t\t\t\t<div class=\"elementor-element elementor-element-a3be37c elementor-widget elementor-widget-jet-scroll-navigation\" data-id=\"a3be37c\" data-element_type=\"widget\" data-e-type=\"widget\" data-widget_type=\"jet-scroll-navigation.default\">\n\t\t\t\t<div class=\"elementor-widget-container\">\n\t\t\t\t\t<div class=\"elementor-jet-scroll-navigation jet-elements\"><div class=\"jet-scroll-navigation jet-scroll-navigation--position-right jet-scroll-navigation--show-hint-on-hover\" data-settings='{&quot;position&quot;:&quot;right&quot;,&quot;offset&quot;:0,&quot;scroll_threshold&quot;:5,&quot;sectionSwitch&quot;:false,&quot;sectionSwitchOnMobile&quot;:true,&quot;hintShowType&quot;:&quot;show-hint-on-hover&quot;,&quot;sectionIdVisibility&quot;:false}'><div class=\"jet-scroll-navigation__inner\">\n<div class=\"jet-scroll-navigation__item\" data-anchor=\"sectiune_01\" data-invert=\"no\">\n\t<div class=\"jet-scroll-navigation__dot\">\t<\/div>\n\t<div class=\"jet-scroll-navigation__item-hint\"><span class=\"jet-scroll-navigation__label\">Service &amp; Maintenance<\/span>\t<\/div>\n<\/div>\n\n<div class=\"jet-scroll-navigation__item\" data-anchor=\"sectiune_02\" data-invert=\"no\">\n\t<div class=\"jet-scroll-navigation__dot\">\t<\/div>\n\t<div class=\"jet-scroll-navigation__item-hint\"><span class=\"jet-scroll-navigation__label\">Low voltage installations<\/span>\t<\/div>\n<\/div>\n\n<\/div>\n<\/div>\n<\/div>\t\t\t\t<\/div>\n\t\t\t\t<\/div>\n\t\t\t\t\t<\/div>\n\t\t<\/div>\n\t\t\t\t\t<\/div>\n\t\t<\/section>\n\t\t\t\t<section class=\"elementor-section elementor-top-section elementor-element elementor-element-01b47c3 elementor-section-full_width elementor-section-height-default elementor-section-height-default\" data-id=\"01b47c3\" data-element_type=\"section\" data-e-type=\"section\" id=\"sectiune_01\" data-settings=\"{&quot;background_background&quot;:&quot;video&quot;,&quot;background_video_link&quot;:&quot;http:\\\/\\\/mht-experience.ro\\\/wp-content\\\/uploads\\\/2022\\\/03\\\/pulsation_of_electrical_voltage_hd.mp4&quot;,&quot;background_play_on_mobile&quot;:&quot;yes&quot;,&quot;jet_parallax_layout_list&quot;:[]}\">\n\t\t\t\t\t\t\t\t<div class=\"elementor-background-video-container\">\n\t\t\t\t\t\t\t\t\t\t\t\t\t<video class=\"elementor-background-video-hosted\" role=\"presentation\" autoplay muted playsinline loop><\/video>\n\t\t\t\t\t\t\t\t\t\t\t<\/div>\n\t\t\t\t\t\t\t\t\t<div class=\"elementor-background-overlay\"><\/div>\n\t\t\t\t\t\t\t<div class=\"elementor-container elementor-column-gap-default\">\n\t\t\t\t\t<div class=\"elementor-column elementor-col-100 elementor-top-column elementor-element elementor-element-0966270\" data-id=\"0966270\" data-element_type=\"column\" data-e-type=\"column\" data-settings=\"{&quot;background_background&quot;:&quot;classic&quot;,&quot;background_motion_fx_motion_fx_mouse&quot;:&quot;yes&quot;,&quot;background_motion_fx_mouseTrack_effect&quot;:&quot;yes&quot;,&quot;background_motion_fx_mouseTrack_speed&quot;:{&quot;unit&quot;:&quot;px&quot;,&quot;size&quot;:0.4,&quot;sizes&quot;:[]}}\">\n\t\t\t<div class=\"elementor-widget-wrap elementor-element-populated\">\n\t\t\t\t\t<div class=\"elementor-background-overlay\"><\/div>\n\t\t\t\t\t\t<section class=\"elementor-section elementor-inner-section elementor-element elementor-element-de24edb elementor-section-boxed elementor-section-height-default elementor-section-height-default\" data-id=\"de24edb\" data-element_type=\"section\" data-e-type=\"section\" data-settings=\"{&quot;jet_parallax_layout_list&quot;:[]}\">\n\t\t\t\t\t\t<div class=\"elementor-container elementor-column-gap-default\">\n\t\t\t\t\t<div class=\"elementor-column elementor-col-50 elementor-inner-column elementor-element elementor-element-5a9e3e9\" data-id=\"5a9e3e9\" data-element_type=\"column\" data-e-type=\"column\" data-settings=\"{&quot;background_background&quot;:&quot;classic&quot;}\">\n\t\t\t<div class=\"elementor-widget-wrap elementor-element-populated\">\n\t\t\t\t\t\t<div class=\"elementor-element elementor-element-5de2304 elementor-widget elementor-widget-heading\" data-id=\"5de2304\" data-element_type=\"widget\" data-e-type=\"widget\" data-widget_type=\"heading.default\">\n\t\t\t\t<div class=\"elementor-widget-container\">\n\t\t\t\t\t<h1 class=\"elementor-heading-title elementor-size-default\">Service &amp; Maintenance<\/h1>\t\t\t\t<\/div>\n\t\t\t\t<\/div>\n\t\t\t\t<div class=\"elementor-element elementor-element-53b76e5 elementor-widget elementor-widget-text-editor\" data-id=\"53b76e5\" data-element_type=\"widget\" data-e-type=\"widget\" data-widget_type=\"text-editor.default\">\n\t\t\t\t<div class=\"elementor-widget-container\">\n\t\t\t\t\t\t\t\t\t<p style=\"text-align: left;\">The proper functioning of the systems and the security of our partners require that the systems be maintained to the standards at which they were designed.<\/p>\t\t\t\t\t\t\t\t<\/div>\n\t\t\t\t<\/div>\n\t\t\t\t\t<\/div>\n\t\t<\/div>\n\t\t\t\t<div class=\"elementor-column elementor-col-50 elementor-inner-column elementor-element elementor-element-7553d7b\" data-id=\"7553d7b\" data-element_type=\"column\" data-e-type=\"column\">\n\t\t\t<div class=\"elementor-widget-wrap\">\n\t\t\t\t\t\t\t<\/div>\n\t\t<\/div>\n\t\t\t\t\t<\/div>\n\t\t<\/section>\n\t\t\t\t\t<\/div>\n\t\t<\/div>\n\t\t\t\t\t<\/div>\n\t\t<\/section>\n\t\t\t\t<section class=\"elementor-section elementor-top-section elementor-element elementor-element-80b6e4f elementor-section-full_width elementor-section-height-full elementor-section-items-stretch elementor-section-height-default\" data-id=\"80b6e4f\" data-element_type=\"section\" data-e-type=\"section\" id=\"sectiune_02\" data-settings=\"{&quot;jet_parallax_layout_list&quot;:[]}\">\n\t\t\t\t\t\t<div class=\"elementor-container elementor-column-gap-default\">\n\t\t\t\t\t<div class=\"elementor-column elementor-col-50 elementor-top-column elementor-element elementor-element-5a58b92\" data-id=\"5a58b92\" data-element_type=\"column\" data-e-type=\"column\" data-settings=\"{&quot;background_background&quot;:&quot;classic&quot;}\">\n\t\t\t<div class=\"elementor-widget-wrap elementor-element-populated\">\n\t\t\t\t\t\t<div class=\"elementor-element elementor-element-868254b elementor-widget-divider--view-line elementor-widget elementor-widget-divider\" data-id=\"868254b\" data-element_type=\"widget\" data-e-type=\"widget\" data-widget_type=\"divider.default\">\n\t\t\t\t<div class=\"elementor-widget-container\">\n\t\t\t\t\t\t\t<div class=\"elementor-divider\">\n\t\t\t<span class=\"elementor-divider-separator\">\n\t\t\t\t\t\t<\/span>\n\t\t<\/div>\n\t\t\t\t\t\t<\/div>\n\t\t\t\t<\/div>\n\t\t\t\t<div class=\"elementor-element elementor-element-abed0ee elementor-widget elementor-widget-heading\" data-id=\"abed0ee\" data-element_type=\"widget\" data-e-type=\"widget\" data-widget_type=\"heading.default\">\n\t\t\t\t<div class=\"elementor-widget-container\">\n\t\t\t\t\t<h3 class=\"elementor-heading-title elementor-size-default\">Low voltage installations<\/h3>\t\t\t\t<\/div>\n\t\t\t\t<\/div>\n\t\t\t\t<div class=\"elementor-element elementor-element-44def6d elementor-widget elementor-widget-text-editor\" data-id=\"44def6d\" data-element_type=\"widget\" data-e-type=\"widget\" data-widget_type=\"text-editor.default\">\n\t\t\t\t<div class=\"elementor-widget-container\">\n\t\t\t\t\t\t\t\t\t<p><\/p>\n<p>Whether we are talking about office buildings, residential buildings, hotels, hospitals or industrial buildings, maintaining the systems is essential in order to maintain the activity. Failure or degradation of systems may result in accidental shutdown of an entire system. Unplanned shutdowns not only cause costs for companies, but also have a negative impact on final consumers.<\/p><p>OUR SERVICES:<\/p>\n<div>\n<ul>\n<li>Preventive maintenance - recurrent<\/li>\n<li>Corective maintenance - on request<\/li>\n<li>Mobile teams for intervention<\/li>\n<li>Technical support for solution<\/li>\n<li>Ensuring a stock of equipment<\/li>\n<li>Preparation of documentation for IGSU and MAI<\/li>\n<li>Issuance of intervention reports<\/li>\n<\/ul>\n<\/div>\n<div>&nbsp;<\/div>\n<div>&nbsp;<\/div>\n<div>&nbsp;<\/div>\t\t\t\t\t\t\t\t<\/div>\n\t\t\t\t<\/div>\n\t\t\t\t\t<\/div>\n\t\t<\/div>\n\t\t\t\t<div class=\"elementor-column elementor-col-50 elementor-top-column elementor-element elementor-element-753b8b3\" data-id=\"753b8b3\" data-element_type=\"column\" data-e-type=\"column\" data-settings=\"{&quot;background_background&quot;:&quot;classic&quot;}\">\n\t\t\t<div class=\"elementor-widget-wrap elementor-element-populated\">\n\t\t\t\t\t\t<div class=\"elementor-element elementor-element-5bb268d elementor-widget elementor-widget-spacer\" data-id=\"5bb268d\" data-element_type=\"widget\" data-e-type=\"widget\" data-widget_type=\"spacer.default\">\n\t\t\t\t<div class=\"elementor-widget-container\">\n\t\t\t\t\t\t\t<div class=\"elementor-spacer\">\n\t\t\t<div class=\"elementor-spacer-inner\"><\/div>\n\t\t<\/div>\n\t\t\t\t\t\t<\/div>\n\t\t\t\t<\/div>\n\t\t\t\t\t<\/div>\n\t\t<\/div>\n\t\t\t\t\t<\/div>\n\t\t<\/section>\n\t\t\t\t<\/div>","protected":false},"excerpt":{"rendered":"<p>Service &amp; Mentenan\u021b\u0103 Instala\u021bii de joas\u0103 tensiune Func\u021bionarea corespunz\u0103toare a sistemelor \u0219i siguran\u021ba partenerilor no\u0219tri, necesit\u0103 men\u021binerea sistemelor la standardele la care au fost proiectate Instala\u021bii de joas\u0103 tensiune Fie c\u0103 vorbim de cl\u0103diri de birouri, reziden\u021biale, complexe hoteliere, spitale sau cl\u0103diri industriale men\u021binerea sistemelor este esen\u021bial\u0103 pentru a nu \u00eentrerupe activitatea. Defectarea sau degradarea [&hellip;]<\/p>\n","protected":false},"author":1,"featured_media":2983,"parent":0,"menu_order":0,"comment_status":"closed","ping_status":"closed","template":"elementor_header_footer","meta":{"_jet_sm_ready_style":"","_jet_sm_style":"","_jet_sm_controls_values":"","_jet_sm_fonts_collection":"","_jet_sm_fonts_links":"","footnotes":""},"class_list":["post-1614","page","type-page","status-publish","has-post-thumbnail","hentry"],"yoast_head":"<!-- This site is optimized with the Yoast SEO Premium plugin v20.13 (Yoast SEO v27.4) - https:\/\/yoast.com\/product\/yoast-seo-premium-wordpress\/ -->\n<title>Service &amp; Mentenan\u021b\u0103 - MHT Experience<\/title>\n<meta name=\"robots\" content=\"index, follow, max-snippet:-1, max-image-preview:large, max-video-preview:-1\" \/>\n<link rel=\"canonical\" href=\"http:\/\/mht-experience.ro\/en\/service-mentenanta\/\" \/>\n<meta property=\"og:locale\" content=\"en_GB\" \/>\n<meta property=\"og:type\" content=\"article\" \/>\n<meta property=\"og:title\" content=\"Service &amp; Mentenan\u021b\u0103\" \/>\n<meta property=\"og:description\" content=\"Service &amp; Mentenan\u021b\u0103 Instala\u021bii de joas\u0103 tensiune Func\u021bionarea corespunz\u0103toare a sistemelor \u0219i siguran\u021ba partenerilor no\u0219tri, necesit\u0103 men\u021binerea sistemelor la standardele la care au fost proiectate Instala\u021bii de joas\u0103 tensiune Fie c\u0103 vorbim de cl\u0103diri de birouri, reziden\u021biale, complexe hoteliere, spitale sau cl\u0103diri industriale men\u021binerea sistemelor este esen\u021bial\u0103 pentru a nu \u00eentrerupe activitatea. Defectarea sau degradarea [&hellip;]\" \/>\n<meta property=\"og:url\" content=\"http:\/\/mht-experience.ro\/en\/service-mentenanta\/\" \/>\n<meta property=\"og:site_name\" content=\"MHT Experience\" \/>\n<meta property=\"article:publisher\" content=\"https:\/\/www.facebook.com\/MHTexperience\/\" \/>\n<meta property=\"article:modified_time\" content=\"2022-05-19T06:13:20+00:00\" \/>\n<meta property=\"og:image\" content=\"http:\/\/mht-experience.ro\/wp-content\/uploads\/2022\/04\/service_mentenanta.webp\" \/>\n\t<meta property=\"og:image:width\" content=\"1200\" \/>\n\t<meta property=\"og:image:height\" content=\"960\" \/>\n\t<meta property=\"og:image:type\" content=\"image\/webp\" \/>\n<meta name=\"twitter:card\" content=\"summary_large_image\" \/>\n<meta name=\"twitter:label1\" content=\"Estimated reading time\" \/>\n\t<meta name=\"twitter:data1\" content=\"1 minute\" \/>\n<script type=\"application\/ld+json\" class=\"yoast-schema-graph\">{\"@context\":\"https:\\\/\\\/schema.org\",\"@graph\":[{\"@type\":\"WebPage\",\"@id\":\"http:\\\/\\\/mht-experience.ro\\\/en\\\/service-mentenanta\\\/\",\"url\":\"http:\\\/\\\/mht-experience.ro\\\/en\\\/service-mentenanta\\\/\",\"name\":\"Service & Mentenan\u021b\u0103 - MHT Experience\",\"isPartOf\":{\"@id\":\"https:\\\/\\\/mht-experience.ro\\\/en\\\/#website\"},\"primaryImageOfPage\":{\"@id\":\"http:\\\/\\\/mht-experience.ro\\\/en\\\/service-mentenanta\\\/#primaryimage\"},\"image\":{\"@id\":\"http:\\\/\\\/mht-experience.ro\\\/en\\\/service-mentenanta\\\/#primaryimage\"},\"thumbnailUrl\":\"http:\\\/\\\/mht-experience.ro\\\/wp-content\\\/uploads\\\/2022\\\/04\\\/service_mentenanta.webp\",\"datePublished\":\"2022-03-01T09:50:05+00:00\",\"dateModified\":\"2022-05-19T06:13:20+00:00\",\"breadcrumb\":{\"@id\":\"http:\\\/\\\/mht-experience.ro\\\/en\\\/service-mentenanta\\\/#breadcrumb\"},\"inLanguage\":\"en-GB\",\"potentialAction\":[{\"@type\":\"ReadAction\",\"target\":[\"http:\\\/\\\/mht-experience.ro\\\/en\\\/service-mentenanta\\\/\"]}]},{\"@type\":\"ImageObject\",\"inLanguage\":\"en-GB\",\"@id\":\"http:\\\/\\\/mht-experience.ro\\\/en\\\/service-mentenanta\\\/#primaryimage\",\"url\":\"http:\\\/\\\/mht-experience.ro\\\/wp-content\\\/uploads\\\/2022\\\/04\\\/service_mentenanta.webp\",\"contentUrl\":\"http:\\\/\\\/mht-experience.ro\\\/wp-content\\\/uploads\\\/2022\\\/04\\\/service_mentenanta.webp\",\"width\":1200,\"height\":960},{\"@type\":\"BreadcrumbList\",\"@id\":\"http:\\\/\\\/mht-experience.ro\\\/en\\\/service-mentenanta\\\/#breadcrumb\",\"itemListElement\":[{\"@type\":\"ListItem\",\"position\":1,\"name\":\"Prima pagin\u0103\",\"item\":\"https:\\\/\\\/mht-experience.ro\\\/en\\\/\"},{\"@type\":\"ListItem\",\"position\":2,\"name\":\"Service &#038; Mentenan\u021b\u0103\"}]},{\"@type\":\"WebSite\",\"@id\":\"https:\\\/\\\/mht-experience.ro\\\/en\\\/#website\",\"url\":\"https:\\\/\\\/mht-experience.ro\\\/en\\\/\",\"name\":\"MHT Experience\",\"description\":\"Instala\u021bii Electrice\",\"publisher\":{\"@id\":\"https:\\\/\\\/mht-experience.ro\\\/en\\\/#organization\"},\"potentialAction\":[{\"@type\":\"SearchAction\",\"target\":{\"@type\":\"EntryPoint\",\"urlTemplate\":\"https:\\\/\\\/mht-experience.ro\\\/en\\\/?s={search_term_string}\"},\"query-input\":{\"@type\":\"PropertyValueSpecification\",\"valueRequired\":true,\"valueName\":\"search_term_string\"}}],\"inLanguage\":\"en-GB\"},{\"@type\":\"Organization\",\"@id\":\"https:\\\/\\\/mht-experience.ro\\\/en\\\/#organization\",\"name\":\"MHT Experience\",\"url\":\"https:\\\/\\\/mht-experience.ro\\\/en\\\/\",\"logo\":{\"@type\":\"ImageObject\",\"inLanguage\":\"en-GB\",\"@id\":\"https:\\\/\\\/mht-experience.ro\\\/en\\\/#\\\/schema\\\/logo\\\/image\\\/\",\"url\":\"http:\\\/\\\/mht-experience.ro\\\/wp-content\\\/uploads\\\/2022\\\/02\\\/mht-experience-simple-blue.svg\",\"contentUrl\":\"http:\\\/\\\/mht-experience.ro\\\/wp-content\\\/uploads\\\/2022\\\/02\\\/mht-experience-simple-blue.svg\",\"width\":512,\"height\":154,\"caption\":\"MHT Experience\"},\"image\":{\"@id\":\"https:\\\/\\\/mht-experience.ro\\\/en\\\/#\\\/schema\\\/logo\\\/image\\\/\"},\"sameAs\":[\"https:\\\/\\\/www.facebook.com\\\/MHTexperience\\\/\",\"https:\\\/\\\/www.linkedin.com\\\/company\\\/sc-mht-experience-srl-d\"]}]}<\/script>\n<!-- \/ Yoast SEO Premium plugin. -->","yoast_head_json":{"title":"Service & Mentenan\u021b\u0103 - MHT Experience","robots":{"index":"index","follow":"follow","max-snippet":"max-snippet:-1","max-image-preview":"max-image-preview:large","max-video-preview":"max-video-preview:-1"},"canonical":"http:\/\/mht-experience.ro\/en\/service-mentenanta\/","og_locale":"en_GB","og_type":"article","og_title":"Service & Mentenan\u021b\u0103","og_description":"Service &amp; Mentenan\u021b\u0103 Instala\u021bii de joas\u0103 tensiune Func\u021bionarea corespunz\u0103toare a sistemelor \u0219i siguran\u021ba partenerilor no\u0219tri, necesit\u0103 men\u021binerea sistemelor la standardele la care au fost proiectate Instala\u021bii de joas\u0103 tensiune Fie c\u0103 vorbim de cl\u0103diri de birouri, reziden\u021biale, complexe hoteliere, spitale sau cl\u0103diri industriale men\u021binerea sistemelor este esen\u021bial\u0103 pentru a nu \u00eentrerupe activitatea. Defectarea sau degradarea [&hellip;]","og_url":"http:\/\/mht-experience.ro\/en\/service-mentenanta\/","og_site_name":"MHT Experience","article_publisher":"https:\/\/www.facebook.com\/MHTexperience\/","article_modified_time":"2022-05-19T06:13:20+00:00","og_image":[{"width":1200,"height":960,"url":"http:\/\/mht-experience.ro\/wp-content\/uploads\/2022\/04\/service_mentenanta.webp","type":"image\/webp"}],"twitter_card":"summary_large_image","twitter_misc":{"Estimated reading time":"1 minute"},"schema":{"@context":"https:\/\/schema.org","@graph":[{"@type":"WebPage","@id":"http:\/\/mht-experience.ro\/en\/service-mentenanta\/","url":"http:\/\/mht-experience.ro\/en\/service-mentenanta\/","name":"Service & Mentenan\u021b\u0103 - MHT Experience","isPartOf":{"@id":"https:\/\/mht-experience.ro\/en\/#website"},"primaryImageOfPage":{"@id":"http:\/\/mht-experience.ro\/en\/service-mentenanta\/#primaryimage"},"image":{"@id":"http:\/\/mht-experience.ro\/en\/service-mentenanta\/#primaryimage"},"thumbnailUrl":"http:\/\/mht-experience.ro\/wp-content\/uploads\/2022\/04\/service_mentenanta.webp","datePublished":"2022-03-01T09:50:05+00:00","dateModified":"2022-05-19T06:13:20+00:00","breadcrumb":{"@id":"http:\/\/mht-experience.ro\/en\/service-mentenanta\/#breadcrumb"},"inLanguage":"en-GB","potentialAction":[{"@type":"ReadAction","target":["http:\/\/mht-experience.ro\/en\/service-mentenanta\/"]}]},{"@type":"ImageObject","inLanguage":"en-GB","@id":"http:\/\/mht-experience.ro\/en\/service-mentenanta\/#primaryimage","url":"http:\/\/mht-experience.ro\/wp-content\/uploads\/2022\/04\/service_mentenanta.webp","contentUrl":"http:\/\/mht-experience.ro\/wp-content\/uploads\/2022\/04\/service_mentenanta.webp","width":1200,"height":960},{"@type":"BreadcrumbList","@id":"http:\/\/mht-experience.ro\/en\/service-mentenanta\/#breadcrumb","itemListElement":[{"@type":"ListItem","position":1,"name":"Prima pagin\u0103","item":"https:\/\/mht-experience.ro\/en\/"},{"@type":"ListItem","position":2,"name":"Service &#038; Mentenan\u021b\u0103"}]},{"@type":"WebSite","@id":"https:\/\/mht-experience.ro\/en\/#website","url":"https:\/\/mht-experience.ro\/en\/","name":"MHT Experience","description":"Instala\u021bii Electrice","publisher":{"@id":"https:\/\/mht-experience.ro\/en\/#organization"},"potentialAction":[{"@type":"SearchAction","target":{"@type":"EntryPoint","urlTemplate":"https:\/\/mht-experience.ro\/en\/?s={search_term_string}"},"query-input":{"@type":"PropertyValueSpecification","valueRequired":true,"valueName":"search_term_string"}}],"inLanguage":"en-GB"},{"@type":"Organization","@id":"https:\/\/mht-experience.ro\/en\/#organization","name":"MHT Experience","url":"https:\/\/mht-experience.ro\/en\/","logo":{"@type":"ImageObject","inLanguage":"en-GB","@id":"https:\/\/mht-experience.ro\/en\/#\/schema\/logo\/image\/","url":"http:\/\/mht-experience.ro\/wp-content\/uploads\/2022\/02\/mht-experience-simple-blue.svg","contentUrl":"http:\/\/mht-experience.ro\/wp-content\/uploads\/2022\/02\/mht-experience-simple-blue.svg","width":512,"height":154,"caption":"MHT Experience"},"image":{"@id":"https:\/\/mht-experience.ro\/en\/#\/schema\/logo\/image\/"},"sameAs":["https:\/\/www.facebook.com\/MHTexperience\/","https:\/\/www.linkedin.com\/company\/sc-mht-experience-srl-d"]}]}},"_links":{"self":[{"href":"http:\/\/mht-experience.ro\/en\/wp-json\/wp\/v2\/pages\/1614","targetHints":{"allow":["GET"]}}],"collection":[{"href":"http:\/\/mht-experience.ro\/en\/wp-json\/wp\/v2\/pages"}],"about":[{"href":"http:\/\/mht-experience.ro\/en\/wp-json\/wp\/v2\/types\/page"}],"author":[{"embeddable":true,"href":"http:\/\/mht-experience.ro\/en\/wp-json\/wp\/v2\/users\/1"}],"replies":[{"embeddable":true,"href":"http:\/\/mht-experience.ro\/en\/wp-json\/wp\/v2\/comments?post=1614"}],"version-history":[{"count":0,"href":"http:\/\/mht-experience.ro\/en\/wp-json\/wp\/v2\/pages\/1614\/revisions"}],"wp:featuredmedia":[{"embeddable":true,"href":"http:\/\/mht-experience.ro\/en\/wp-json\/wp\/v2\/media\/2983"}],"wp:attachment":[{"href":"http:\/\/mht-experience.ro\/en\/wp-json\/wp\/v2\/media?parent=1614"}],"curies":[{"name":"wp","href":"https:\/\/api.w.org\/{rel}","templated":true}]}}